{"id":1192,"date":"2023-09-30T16:13:28","date_gmt":"2023-09-30T14:13:28","guid":{"rendered":"https:\/\/alpwebs.com\/?page_id=1192"},"modified":"2023-09-30T17:31:08","modified_gmt":"2023-09-30T15:31:08","slug":"faq","status":"publish","type":"page","link":"https:\/\/alpwebs.com\/index.php\/faq\/","title":{"rendered":"FAQ"},"content":{"rendered":"\t\t<div data-elementor-type=\"wp-page\" data-elementor-id=\"1192\" class=\"elementor elementor-1192\">\n\t\t\t\t\t\t\t\t\t<section class=\"elementor-section elementor-top-section elementor-element elementor-element-k1fc1nr elementor-section-boxed elementor-section-height-default elementor-section-height-default\" data-id=\"k1fc1nr\" data-element_type=\"section\" data-settings=\"{&quot;background_background&quot;:&quot;classic&quot;}\">\n\t\t\t\t\t\t\t<div class=\"elementor-background-overlay\"><\/div>\n\t\t\t\t\t\t\t<div class=\"elementor-container elementor-column-gap-default\">\n\t\t\t\t\t<div class=\"elementor-column elementor-col-100 elementor-top-column elementor-element elementor-element-fd69444\" data-id=\"fd69444\" data-element_type=\"column\">\n\t\t\t<div class=\"elementor-widget-wrap elementor-element-populated\">\n\t\t\t\t\t\t\t\t<div class=\"elementor-element elementor-element-abcc2f2 elementor-widget elementor-widget-heading\" data-id=\"abcc2f2\" data-element_type=\"widget\" data-widget_type=\"heading.default\">\n\t\t\t\t<div class=\"elementor-widget-container\">\n\t\t\t<style>\/*! elementor - v3.14.0 - 26-06-2023 *\/\n.elementor-heading-title{padding:0;margin:0;line-height:1}.elementor-widget-heading .elementor-heading-title[class*=elementor-size-]>a{color:inherit;font-size:inherit;line-height:inherit}.elementor-widget-heading .elementor-heading-title.elementor-size-small{font-size:15px}.elementor-widget-heading .elementor-heading-title.elementor-size-medium{font-size:19px}.elementor-widget-heading .elementor-heading-title.elementor-size-large{font-size:29px}.elementor-widget-heading .elementor-heading-title.elementor-size-xl{font-size:39px}.elementor-widget-heading .elementor-heading-title.elementor-size-xxl{font-size:59px}<\/style><h1 class=\"elementor-heading-title elementor-size-default\">FAQ<\/h1>\t\t<\/div>\n\t\t\t\t<\/div>\n\t\t\t\t\t<\/div>\n\t\t<\/div>\n\t\t\t\t\t\t\t<\/div>\n\t\t<\/section>\n\t\t\t\t<section class=\"elementor-section elementor-top-section elementor-element elementor-element-4goz19o elementor-section-boxed elementor-section-height-default elementor-section-height-default\" data-id=\"4goz19o\" data-element_type=\"section\">\n\t\t\t\t\t\t<div class=\"elementor-container elementor-column-gap-default\">\n\t\t\t\t\t<div class=\"elementor-column elementor-col-100 elementor-top-column elementor-element elementor-element-2ebbf9c\" data-id=\"2ebbf9c\" data-element_type=\"column\">\n\t\t\t<div class=\"elementor-widget-wrap elementor-element-populated\">\n\t\t\t\t\t\t\t\t<div class=\"elementor-element elementor-element-fe195c7 elementor-widget elementor-widget-heading\" data-id=\"fe195c7\" data-element_type=\"widget\" data-widget_type=\"heading.default\">\n\t\t\t\t<div class=\"elementor-widget-container\">\n\t\t\t<h2 class=\"elementor-heading-title elementor-size-default\">Quels sont les avantages du mode abonnement<\/h2>\t\t<\/div>\n\t\t\t\t<\/div>\n\t\t\t\t<div class=\"elementor-element elementor-element-5dcd18a elementor-widget elementor-widget-text-editor\" data-id=\"5dcd18a\" data-element_type=\"widget\" data-widget_type=\"text-editor.default\">\n\t\t\t\t<div class=\"elementor-widget-container\">\n\t\t\t<style>\/*! elementor - v3.14.0 - 26-06-2023 *\/\n.elementor-widget-text-editor.elementor-drop-cap-view-stacked .elementor-drop-cap{background-color:#69727d;color:#fff}.elementor-widget-text-editor.elementor-drop-cap-view-framed .elementor-drop-cap{color:#69727d;border:3px solid;background-color:transparent}.elementor-widget-text-editor:not(.elementor-drop-cap-view-default) .elementor-drop-cap{margin-top:8px}.elementor-widget-text-editor:not(.elementor-drop-cap-view-default) .elementor-drop-cap-letter{width:1em;height:1em}.elementor-widget-text-editor .elementor-drop-cap{float:left;text-align:center;line-height:1;font-size:50px}.elementor-widget-text-editor .elementor-drop-cap-letter{display:inline-block}<\/style>\t\t\t\t<p>Les avantages de ce mode sont nombreux :<\/p><ul><li>Pas de co\u00fbts initiaux de mise en \u0153uvre : cela vous \u00e9vite de devoir faire un gros investissement initial<\/li><li>Des co\u00fbts mensuels parfaitement maitris\u00e9s : vous connaissez \u00e0 l&#8217;avance le co\u00fbt de votre abonnement, sans aucune surprise<\/li><li>Un service tout compris : nous g\u00e9rons tout le site pour vous. En cas de soucis sur votre site, nous nous occupons de le d\u00e9panner<\/li><li>Pas de dur\u00e9e minimale : si apr\u00e8s quelques mois, vous vous rendez compte que votre site ne vous apporte pas la plus value que vous en attendiez, vous pouvez arr\u00eater l&#8217;abonnement<\/li><li>Pas de frais de r\u00e9siliation<\/li><\/ul>\t\t\t\t\t\t<\/div>\n\t\t\t\t<\/div>\n\t\t\t\t<div class=\"elementor-element elementor-element-94a9c43 elementor-widget elementor-widget-heading\" data-id=\"94a9c43\" data-element_type=\"widget\" data-widget_type=\"heading.default\">\n\t\t\t\t<div class=\"elementor-widget-container\">\n\t\t\t<h2 class=\"elementor-heading-title elementor-size-default\">Qu'EST CE QUI EST COMPRIS DANS L'ABONNEMENT ?<\/h2>\t\t<\/div>\n\t\t\t\t<\/div>\n\t\t\t\t<div class=\"elementor-element elementor-element-e5f497e elementor-widget elementor-widget-text-editor\" data-id=\"e5f497e\" data-element_type=\"widget\" data-widget_type=\"text-editor.default\">\n\t\t\t\t<div class=\"elementor-widget-container\">\n\t\t\t\t\t\t\t<p>Notre abonnement est tout compris. Cela inclue :<\/p><ul><li>L&#8217;achat de votre nom de domaine<\/li><li>La proposition de plusieurs design<\/li><li>La cr\u00e9ation de votre site web<\/li><li>L&#8217;h\u00e9bergement du site<\/li><li>La maintenance<\/li><li>Un certain nombre de mises \u00e0 jour gratuite de contenu chaque ann\u00e9e, suivant l&#8217;abonnement choisi<\/li><li>Au bout de 3 ann\u00e9es :<ul><li>Nous refaisons gratuitement votre site, bas\u00e9 sur un mod\u00e8le \u00e9quivalent<\/li><li>Ou, si vous souhaitez nous quitter, votre site existant vous appartient<\/li><\/ul><\/li><\/ul>\t\t\t\t\t\t<\/div>\n\t\t\t\t<\/div>\n\t\t\t\t<div class=\"elementor-element elementor-element-dd197c3 elementor-widget elementor-widget-heading\" data-id=\"dd197c3\" data-element_type=\"widget\" data-widget_type=\"heading.default\">\n\t\t\t\t<div class=\"elementor-widget-container\">\n\t\t\t<h2 class=\"elementor-heading-title elementor-size-default\">Pourquoi offrir une refonte de site tous les 3 ans ?<\/h2>\t\t<\/div>\n\t\t\t\t<\/div>\n\t\t\t\t<div class=\"elementor-element elementor-element-38dfbbb elementor-widget elementor-widget-text-editor\" data-id=\"38dfbbb\" data-element_type=\"widget\" data-widget_type=\"text-editor.default\">\n\t\t\t\t<div class=\"elementor-widget-container\">\n\t\t\t\t\t\t\t<p>Parce que notre monde \u00e9volue vite, que votre soci\u00e9t\u00e9 aura chang\u00e9e dans 3 ans, que vos besoins auront \u00e9volu\u00e9, que les sites ont besoins de se renouveler pour rester au go\u00fbt du jour, \u2026 nous permettons \u00e0 nos client de renouveler leur site sans surco\u00fbt pour r\u00e9pondre au mieux \u00e0 leurs besoins et leurs attentes.<\/p>\t\t\t\t\t\t<\/div>\n\t\t\t\t<\/div>\n\t\t\t\t<div class=\"elementor-element elementor-element-eed6552 elementor-widget elementor-widget-heading\" data-id=\"eed6552\" data-element_type=\"widget\" data-widget_type=\"heading.default\">\n\t\t\t\t<div class=\"elementor-widget-container\">\n\t\t\t<h2 class=\"elementor-heading-title elementor-size-default\">COMMENT SOUSCRIRE UN ABONNEMENT ?<\/h2>\t\t<\/div>\n\t\t\t\t<\/div>\n\t\t\t\t<div class=\"elementor-element elementor-element-1561f35 elementor-widget elementor-widget-text-editor\" data-id=\"1561f35\" data-element_type=\"widget\" data-widget_type=\"text-editor.default\">\n\t\t\t\t<div class=\"elementor-widget-container\">\n\t\t\t\t\t\t\t<p>Contactez nous via le formulaire de contact. Nous vous recontacterons dans le plus brefs d\u00e9lais afin de parler avec vous de votre projet, de le qualifier et de vous conseiller au mieux.<\/p>\t\t\t\t\t\t<\/div>\n\t\t\t\t<\/div>\n\t\t\t\t<div class=\"elementor-element elementor-element-b974ca3 elementor-widget elementor-widget-heading\" data-id=\"b974ca3\" data-element_type=\"widget\" data-widget_type=\"heading.default\">\n\t\t\t\t<div class=\"elementor-widget-container\">\n\t\t\t<h2 class=\"elementor-heading-title elementor-size-default\">COMMENT SE PASSE UN NOUVEL ABONNEMENT ?<\/h2>\t\t<\/div>\n\t\t\t\t<\/div>\n\t\t\t\t<div class=\"elementor-element elementor-element-ff9642e elementor-widget elementor-widget-text-editor\" data-id=\"ff9642e\" data-element_type=\"widget\" data-widget_type=\"text-editor.default\">\n\t\t\t\t<div class=\"elementor-widget-container\">\n\t\t\t\t\t\t\t<p>Nous prenons un premier contact avec vous afin de valider la maturit\u00e9 de votre projet.<\/p><p>Suite \u00e0 cela, selon le type de site souhait\u00e9 (nombre de pages, types de contenus et fonctionnalit\u00e9s), nous vous proposons de choisir un mod\u00e8le de site parmi un grand nombre, afin de s\u00e9lectionner un design qui corresponde \u00e0 vos attentes.<\/p><p>Nous vous proposons aussi des noms de domaines parmi ceux disponibles.<\/p><p>Ensuite nous adaptons le mod\u00e8le de site avec vos contenus, images, vid\u00e9os.<\/p><p>Une fois que vous l&#8217;avez valid\u00e9, nous le mettons en ligne et en assurons la maintenance.<\/p>\t\t\t\t\t\t<\/div>\n\t\t\t\t<\/div>\n\t\t\t\t<div class=\"elementor-element elementor-element-3bf8203 elementor-widget elementor-widget-heading\" data-id=\"3bf8203\" data-element_type=\"widget\" data-widget_type=\"heading.default\">\n\t\t\t\t<div class=\"elementor-widget-container\">\n\t\t\t<h2 class=\"elementor-heading-title elementor-size-default\">QUE DOIT FOURNIR UN NOUVEAU CLIENT ?<\/h2>\t\t<\/div>\n\t\t\t\t<\/div>\n\t\t\t\t<div class=\"elementor-element elementor-element-84bbea5 elementor-widget elementor-widget-text-editor\" data-id=\"84bbea5\" data-element_type=\"widget\" data-widget_type=\"text-editor.default\">\n\t\t\t\t<div class=\"elementor-widget-container\">\n\t\t\t\t\t\t\t<p>Le client nous fourni les textes, images et vid\u00e9os qu&#8217;il souhaite int\u00e9grer \u00e0 son site.\u00a0<\/p>\t\t\t\t\t\t<\/div>\n\t\t\t\t<\/div>\n\t\t\t\t<div class=\"elementor-element elementor-element-32743ed elementor-widget elementor-widget-heading\" data-id=\"32743ed\" data-element_type=\"widget\" data-widget_type=\"heading.default\">\n\t\t\t\t<div class=\"elementor-widget-container\">\n\t\t\t<h2 class=\"elementor-heading-title elementor-size-default\">COMMENT ARRETER MON ABONNEMENT ?<\/h2>\t\t<\/div>\n\t\t\t\t<\/div>\n\t\t\t\t<div class=\"elementor-element elementor-element-2de43c8 elementor-widget elementor-widget-text-editor\" data-id=\"2de43c8\" data-element_type=\"widget\" data-widget_type=\"text-editor.default\">\n\t\t\t\t<div class=\"elementor-widget-container\">\n\t\t\t\t\t\t\t<p>Il suffit de nous pr\u00e9venir de votre souhait d&#8217;arr\u00eater votre abonnement et automatiquement, en fin de mois, nous arr\u00eaterons votre site et vous ne serez plus factur\u00e9s mensuellement.<\/p>\t\t\t\t\t\t<\/div>\n\t\t\t\t<\/div>\n\t\t\t\t\t<\/div>\n\t\t<\/div>\n\t\t\t\t\t\t\t<\/div>\n\t\t<\/section>\n\t\t\t\t\t\t\t<\/div>\n\t\t","protected":false},"excerpt":{"rendered":"<p>FAQ Quels sont les avantages du mode abonnement Les avantages de ce mode sont nombreux : Pas de co\u00fbts initiaux de mise en \u0153uvre : cela vous \u00e9vite de devoir faire un gros investissement initial Des co\u00fbts mensuels parfaitement maitris\u00e9s : vous connaissez \u00e0 l&#8217;avance le co\u00fbt de votre abonnement, sans aucune surprise Un service &hellip;<\/p>\n<p class=\"read-more\"> <a class=\"\" href=\"https:\/\/alpwebs.com\/index.php\/faq\/\"> <span class=\"screen-reader-text\">FAQ<\/span> Read More &raquo;<\/a><\/p>\n","protected":false},"author":1,"featured_media":0,"parent":0,"menu_order":0,"comment_status":"closed","ping_status":"closed","template":"","meta":{"om_disable_all_campaigns":false,"_mi_skip_tracking":false,"_monsterinsights_sitenote_active":false,"_monsterinsights_sitenote_note":"","_monsterinsights_sitenote_category":0,"site-sidebar-layout":"no-sidebar","site-content-layout":"page-builder","ast-global-header-display":"","ast-banner-title-visibility":"","ast-main-header-display":"","ast-hfb-above-header-display":"","ast-hfb-below-header-display":"","ast-hfb-mobile-header-display":"","site-post-title":"disabled","ast-breadcrumbs-content":"","ast-featured-img":"disabled","footer-sml-layout":"","theme-transparent-header-meta":"","adv-header-id-meta":"","stick-header-meta":"","header-above-stick-meta":"","header-main-stick-meta":"","header-below-stick-meta":""},"aioseo_notices":[],"_links":{"self":[{"href":"https:\/\/alpwebs.com\/index.php\/wp-json\/wp\/v2\/pages\/1192"}],"collection":[{"href":"https:\/\/alpwebs.com\/index.php\/wp-json\/wp\/v2\/pages"}],"about":[{"href":"https:\/\/alpwebs.com\/index.php\/wp-json\/wp\/v2\/types\/page"}],"author":[{"embeddable":true,"href":"https:\/\/alpwebs.com\/index.php\/wp-json\/wp\/v2\/users\/1"}],"replies":[{"embeddable":true,"href":"https:\/\/alpwebs.com\/index.php\/wp-json\/wp\/v2\/comments?post=1192"}],"version-history":[{"count":38,"href":"https:\/\/alpwebs.com\/index.php\/wp-json\/wp\/v2\/pages\/1192\/revisions"}],"predecessor-version":[{"id":1243,"href":"https:\/\/alpwebs.com\/index.php\/wp-json\/wp\/v2\/pages\/1192\/revisions\/1243"}],"wp:attachment":[{"href":"https:\/\/alpwebs.com\/index.php\/wp-json\/wp\/v2\/media?parent=1192"}],"curies":[{"name":"wp","href":"https:\/\/api.w.org\/{rel}","templated":true}]}}